{"id":5178,"date":"2026-02-18T14:30:14","date_gmt":"2026-02-18T13:30:14","guid":{"rendered":"https:\/\/holzer-gmbh.com\/?page_id=5178"},"modified":"2026-03-09T12:05:39","modified_gmt":"2026-03-09T11:05:39","slug":"data-protection-4","status":"publish","type":"page","link":"https:\/\/holzer-gmbh.com\/en\/data-protection-4\/","title":{"rendered":"Duty to Inform"},"content":{"rendered":"\n<section class=\"wp-block-group datenschutz is-layout-constrained wp-block-group-is-layout-constrained\">\n<div style=\"height:50px\" aria-hidden=\"true\" class=\"wp-block-spacer\"><\/div>\n\n\n\n<div class=\"wp-block-group is-layout-constrained wp-block-group-is-layout-constrained\">\n<h1 class=\"wp-block-heading\">Information obligation pursuant to Articles 13 and 14 of the GDPR<\/h1>\n<\/div>\n\n\n\n<div style=\"height:30px\" aria-hidden=\"true\" class=\"wp-block-spacer\"><\/div>\n\n\n\n<h2 class=\"wp-block-heading\">1. General Information and Mandatory Information<\/h2>\n\n\n\n<h3 class=\"wp-block-heading\">1.1 Responsible Body<\/h3>\n\n\n\n<p>Holzer GmbH<br\/>Maurerstrasse 14<br\/>89542 Herbrechtingen, Germany<br\/><br\/>Represented by: Patrick Schulz (Managing Director)<\/p>\n\n\n\n<p>Phone number: +49 7324 9654-0<br\/>Email: datenschutz@holzer-gmbh.com<\/p>\n\n\n\n<h3 class=\"wp-block-heading\">1.2 Data Protection Officer<\/h3>\n\n\n\n<p>Stefan Ruf<br\/>Technische Akademie Schw\u00e4bisch Gm\u00fcnd<br\/>Lorcher Strasse 119<br\/>73529 Schw\u00e4bisch Gm\u00fcnd, Germany<\/p>\n\n\n\n<p>Phone number: +49 7171 31-4717<br\/>Email: stefan.ruf@technische-akademie.de<\/p>\n\n\n\n<h2 class=\"wp-block-heading\">2. Reason for the survey<\/h2>\n\n\n\n<p>We have the data in connection with a<\/p>\n\n\n\n<ul class=\"wp-block-list custom-list\">\n<li>Offers<\/li>\n\n\n\n<li>Assignment<\/li>\n\n\n\n<li>Order<\/li>\n\n\n\n<li>Contract<\/li>\n<\/ul>\n\n\n\n<p>collected. The collection was carried out in accordance with Art. 6 (1) a-f of the GDPR.<\/p>\n\n\n\n<h2 class=\"wp-block-heading\">3. Categories of Personal Data<\/h2>\n\n\n\n<ul class=\"wp-block-list custom-list\">\n<li>Title<\/li>\n\n\n\n<li>Name<\/li>\n\n\n\n<li>Surname<\/li>\n\n\n\n<li>Department<\/li>\n\n\n\n<li>Position<\/li>\n\n\n\n<li>Contact data (Phone, Email, Fax)<\/li>\n<\/ul>\n\n\n\n<h2 class=\"wp-block-heading\">4. Source<\/h2>\n\n\n\n<ul class=\"wp-block-list custom-list\">\n<li>The data was collected by us<\/li>\n\n\n\n<li>or the data comes from the following source: Publicly available sources<\/li>\n<\/ul>\n\n\n\n<h2 class=\"wp-block-heading\">5. Data Transfer to Third Parties<\/h2>\n\n\n\n<p>We will only disclose your personal data to third parties within the scope of the statutory provisions.<\/p>\n\n\n\n<h2 class=\"wp-block-heading\">6. Transfer to Third Countries<\/h2>\n\n\n\n<p>We only transfer personal data to third countries within the scope of fulfilling our mandate.<\/p>\n\n\n\n<h2 class=\"wp-block-heading\">7. Storage Period<\/h2>\n\n\n\n<p>Your data will only be stored by us within the legally permissible storage periods.<\/p>\n\n\n\n<h2 class=\"wp-block-heading\">8. Rights of Data Subjects<\/h2>\n\n\n\n<ul class=\"wp-block-list custom-list\">\n<li>You have the right to obtain information about your personal data in accordance with Art. 15 GDPR.<\/li>\n\n\n\n<li>You have the right to rectify your personal data in accordance with Art. 16 GDPR.<\/li>\n\n\n\n<li>You have the right to erasure under Article 17 of the GDPR, provided that no other regulation or law prohibits us from erasing your data due to statutory retention periods.<\/li>\n\n\n\n<li>You have the right to restriction of processing pursuant to Art. 18 GDPR.<\/li>\n\n\n\n<li>You have the right to data portability under Article 20 of the GDPR, provided that the processing is automated.<\/li>\n\n\n\n<li>You have the right under Article 21 of the GDPR to object to the future processing of your data.<\/li>\n<\/ul>\n\n\n\n<p>Please direct your inquiries and concerns to:<\/p>\n\n\n\n<p>Holzer GmbH<br\/>Maurerstrasse 14<br\/>89542 Herbrechtingen, Germany<br\/><br\/>Email: datenschutz@holzer-gmbh.com<\/p>\n\n\n\n<h2 class=\"wp-block-heading\">9. Right to Lodge a Complaint<\/h2>\n\n\n\n<p>Data subjects have the right to lodge a complaint with a data protection supervisory authority of their choice. The competent supervisory authority in this case is the State Commissioner for Data Protection and Freedom of Information in Baden-W\u00fcrttemberg.<\/p>\n\n\n\n<div style=\"height:100px\" aria-hidden=\"true\" class=\"wp-block-spacer\"><\/div>\n\n\n\n<p>As of: February 2026<\/p>\n<\/section>\n","protected":false},"excerpt":{"rendered":"<p>Information obligation pursuant to Articles 13 and 14 of the GDPR 1. General Information and Mandatory Information 1.1 Responsible Body Holzer GmbHMaurerstrasse 1489542 Herbrechtingen, Germany Represented by: Patrick Schulz (Managing Director) Phone number: +49 7324 9654-0Email: datenschutz@holzer-gmbh.com 1.2 Data Protection Officer Stefan RufTechnische Akademie Schw\u00e4bisch Gm\u00fcndLorcher Strasse 11973529 Schw\u00e4bisch Gm\u00fcnd, Germany Phone number: +49 7171 [&hellip;]<\/p>\n","protected":false},"author":3,"featured_media":0,"parent":0,"menu_order":200,"comment_status":"closed","ping_status":"closed","template":"","meta":{"_uag_custom_page_level_css":"","footnotes":""},"class_list":["post-5178","page","type-page","status-publish","hentry"],"featured_image_src":null,"uagb_featured_image_src":{"full":false,"thumbnail":false,"medium":false,"medium_large":false,"large":false,"1536x1536":false,"2048x2048":false},"uagb_author_info":{"display_name":"cebulla-holzer","author_link":"https:\/\/holzer-gmbh.com\/en\/author\/cebulla-holzer\/"},"uagb_comment_info":0,"uagb_excerpt":"Information obligation pursuant to Articles 13 and 14 of the GDPR 1. General Information and Mandatory Information 1.1 Responsible Body Holzer GmbHMaurerstrasse 1489542 Herbrechtingen, Germany Represented by: Patrick Schulz (Managing Director) Phone number: +49 7324 9654-0Email: datenschutz@holzer-gmbh.com 1.2 Data Protection Officer Stefan RufTechnische Akademie Schw\u00e4bisch Gm\u00fcndLorcher Strasse 11973529 Schw\u00e4bisch Gm\u00fcnd, Germany Phone number: +49 7171&hellip;","_links":{"self":[{"href":"https:\/\/holzer-gmbh.com\/en\/wp-json\/wp\/v2\/pages\/5178","targetHints":{"allow":["GET"]}}],"collection":[{"href":"https:\/\/holzer-gmbh.com\/en\/wp-json\/wp\/v2\/pages"}],"about":[{"href":"https:\/\/holzer-gmbh.com\/en\/wp-json\/wp\/v2\/types\/page"}],"author":[{"embeddable":true,"href":"https:\/\/holzer-gmbh.com\/en\/wp-json\/wp\/v2\/users\/3"}],"replies":[{"embeddable":true,"href":"https:\/\/holzer-gmbh.com\/en\/wp-json\/wp\/v2\/comments?post=5178"}],"version-history":[{"count":5,"href":"https:\/\/holzer-gmbh.com\/en\/wp-json\/wp\/v2\/pages\/5178\/revisions"}],"predecessor-version":[{"id":5269,"href":"https:\/\/holzer-gmbh.com\/en\/wp-json\/wp\/v2\/pages\/5178\/revisions\/5269"}],"wp:attachment":[{"href":"https:\/\/holzer-gmbh.com\/en\/wp-json\/wp\/v2\/media?parent=5178"}],"curies":[{"name":"wp","href":"https:\/\/api.w.org\/{rel}","templated":true}]}}